{"id":19830,"date":"2021-06-23T06:59:54","date_gmt":"2021-06-23T06:59:54","guid":{"rendered":"https:\/\/2310.hu\/?page_id=82"},"modified":"2026-03-25T07:47:04","modified_gmt":"2026-03-25T07:47:04","slug":"elerhetosegek","status":"publish","type":"page","link":"https:\/\/szigja.hu\/2021\/elerhetosegek\/","title":{"rendered":"El\u00e9rhet\u0151s\u00e9gek"},"content":{"rendered":"<p>[et_pb_section fb_built=&#8221;1&#8243; admin_label=&#8221;Contact Section&#8221; _builder_version=&#8221;3.22&#8243; background_image=&#8221;https:\/\/szigja.hu\/2021\/wp-content\/uploads\/2021\/07\/shapes-bg-1.png&#8221; parallax=&#8221;on&#8221; min_height=&#8221;1161.3px&#8221; custom_margin=&#8221;1px||-9px|||&#8221; custom_padding=&#8221;0px||45px|||&#8221; global_colors_info=&#8221;{}&#8221;][et_pb_row column_structure=&#8221;1_3,1_3,1_3&#8243; admin_label=&#8221;Contact Info Row&#8221; _builder_version=&#8221;4.9.7&#8243; custom_margin=&#8221;|||&#8221; global_colors_info=&#8221;{}&#8221;][et_pb_column type=&#8221;1_3&#8243; _builder_version=&#8221;3.25&#8243; custom_padding=&#8221;|||&#8221; global_colors_info=&#8221;{}&#8221; custom_padding__hover=&#8221;|||&#8221;][et_pb_blurb title=&#8221;C\u00edm&#8221; admin_label=&#8221;2310 Szigetszentmikl\u00f3s&#8221; _builder_version=&#8221;4.13.0&#8243; header_font=&#8221;Rubik|700||on|||||&#8221; header_text_color=&#8221;rgba(255,255,255,0.5)&#8221; header_font_size=&#8221;16px&#8221; header_letter_spacing=&#8221;3px&#8221; header_line_height=&#8221;1.5em&#8221; body_font=&#8221;Rubik||||||||&#8221; body_font_size=&#8221;16px&#8221; body_line_height=&#8221;2em&#8221; background_color=&#8221;#ff7355&#8243; text_orientation=&#8221;center&#8221; background_layout=&#8221;dark&#8221; custom_margin=&#8221;|||&#8221; custom_padding=&#8221;40px|20px|40px|20px|true|true&#8221; animation_style=&#8221;zoom&#8221; animation_intensity_zoom=&#8221;10%&#8221; border_radii=&#8221;on|10px|10px|10px|10px&#8221; global_colors_info=&#8221;{}&#8221;]<\/p>\n<p><strong>2310 Szigetszentmikl\u00f3s, <\/strong><\/p>\n<p><strong>Radn\u00f3ti Mikl\u00f3s utca 6.<\/strong><\/p>\n<p>[\/et_pb_blurb][et_pb_blurb title=&#8221;Nyitva tart\u00e1s&#8221; admin_label=&#8221;Nyitva tart\u00e1s&#8221; _builder_version=&#8221;4.13.1&#8243; header_font=&#8221;Rubik|700||on|||||&#8221; header_text_color=&#8221;rgba(255,255,255,0.5)&#8221; header_font_size=&#8221;16px&#8221; header_letter_spacing=&#8221;3px&#8221; header_line_height=&#8221;1.5em&#8221; body_font=&#8221;Rubik||||||||&#8221; body_font_size=&#8221;16px&#8221; body_line_height=&#8221;2em&#8221; background_color=&#8221;#ff9c02&#8243; text_orientation=&#8221;center&#8221; background_layout=&#8221;dark&#8221; min_height=&#8221;261px&#8221; custom_margin=&#8221;||6px|||&#8221; custom_padding=&#8221;40px|20px|40px|20px|true|true&#8221; animation_style=&#8221;zoom&#8221; animation_intensity_zoom=&#8221;10%&#8221; border_radii=&#8221;on|10px|10px|10px|10px&#8221; global_colors_info=&#8221;{}&#8221;]<\/p>\n<p>H-P.: 7:00 \u00f3r\u00e1t\u00f3l 17:00 \u00f3r\u00e1ig.<\/p>\n<p>[\/et_pb_blurb][\/et_pb_column][et_pb_column type=&#8221;1_3&#8243; _builder_version=&#8221;3.25&#8243; custom_padding=&#8221;|||&#8221; global_colors_info=&#8221;{}&#8221; custom_padding__hover=&#8221;|||&#8221;][et_pb_blurb title=&#8221;A Titk\u00e1rs\u00e1g \u00fcgyf\u00e9lfogad\u00e1si ideje:&#8221; admin_label=&#8221;A Titk\u00e1rs\u00e1g \u00fcgyf\u00e9lfogad\u00e1si &#8221; _builder_version=&#8221;4.13.1&#8243; header_font=&#8221;Rubik|700||on|||||&#8221; header_text_color=&#8221;rgba(255,255,255,0.5)&#8221; header_font_size=&#8221;16px&#8221; header_letter_spacing=&#8221;3px&#8221; header_line_height=&#8221;1.5em&#8221; body_font=&#8221;Rubik||||||||&#8221; body_font_size=&#8221;16px&#8221; body_line_height=&#8221;2em&#8221; background_color=&#8221;#7CDA24&#8243; text_orientation=&#8221;center&#8221; background_layout=&#8221;dark&#8221; custom_margin=&#8221;|||&#8221; custom_padding=&#8221;40px|20px|40px|20px|true|true&#8221; animation_style=&#8221;zoom&#8221; animation_intensity_zoom=&#8221;10%&#8221; border_radii=&#8221;on|10px|10px|10px|10px&#8221; global_colors_info=&#8221;{}&#8221;]<\/p>\n<p>H\u00e9tf\u0151: 8:00-12:00<br \/>Szerda: 10:00-14:00<\/p>\n<p>Az int\u00e9zm\u00e9nyvezet\u0151h\u00f6z el\u0151zetes telefonos id\u0151pontegyeztet\u00e9s sz\u00fcks\u00e9ges a k\u00f6vetkez\u0151 sz\u00e1mon:<br \/>+36 30\/115-0711<\/p>\n<p>[\/et_pb_blurb][et_pb_blurb title=&#8221;OM azonos\u00edt\u00f3&#8221; admin_label=&#8221;OM azonos\u00edt\u00f3&#8221; _builder_version=&#8221;4.13.0&#8243; header_font=&#8221;Rubik|700||on|||||&#8221; header_text_color=&#8221;rgba(255,255,255,0.5)&#8221; header_font_size=&#8221;16px&#8221; header_letter_spacing=&#8221;3px&#8221; header_line_height=&#8221;1.5em&#8221; body_font=&#8221;Rubik||||||||&#8221; body_font_size=&#8221;16px&#8221; body_line_height=&#8221;2em&#8221; background_color=&#8221;#8300E9&#8243; text_orientation=&#8221;center&#8221; background_layout=&#8221;dark&#8221; custom_margin=&#8221;|||&#8221; custom_padding=&#8221;40px|20px|40px|20px|true|true&#8221; animation_style=&#8221;zoom&#8221; animation_intensity_zoom=&#8221;10%&#8221; border_radii=&#8221;on|10px|10px|10px|10px&#8221; global_colors_info=&#8221;{}&#8221;]<\/p>\n<p>203277<\/p>\n<p>[\/et_pb_blurb][\/et_pb_column][et_pb_column type=&#8221;1_3&#8243; _builder_version=&#8221;3.25&#8243; custom_padding=&#8221;|||&#8221; global_colors_info=&#8221;{}&#8221; custom_padding__hover=&#8221;|||&#8221;][et_pb_blurb title=&#8221;Telefon &#038; e-mail&#8221; admin_label=&#8221;Telefon &#038; e-mail&#8221; _builder_version=&#8221;4.13.1&#8243; header_font=&#8221;Rubik|700||on|||||&#8221; header_text_color=&#8221;rgba(255,255,255,0.5)&#8221; header_font_size=&#8221;16px&#8221; header_letter_spacing=&#8221;3px&#8221; header_line_height=&#8221;1.5em&#8221; body_font=&#8221;Rubik||||||||&#8221; body_font_size=&#8221;16px&#8221; body_line_height=&#8221;2em&#8221; background_color=&#8221;#2b76df&#8221; text_orientation=&#8221;center&#8221; background_layout=&#8221;dark&#8221; custom_margin=&#8221;|||&#8221; custom_padding=&#8221;40px|20px|40px|20px|true|true&#8221; animation_style=&#8221;zoom&#8221; animation_intensity_zoom=&#8221;10%&#8221; border_radii=&#8221;on|10px|10px|10px|10px&#8221; global_colors_info=&#8221;{}&#8221;]<\/p>\n<p>Di\u00e1kokkal kapcsolatos k\u00e9rd\u00e9s, probl\u00e9ma eset\u00e9n: <a href=\"mailto:kapcsolat@szigja.hu\" target=\"_blank\" rel=\"noopener\">kapcsolat@szigja.hu<\/a><br \/>+36 30\/254-9667, +36 24\/530-860<\/p>\n<p>Iskol\u00e1nkkal kapcsolatos k\u00e9rd\u00e9s eset\u00e9n: <a href=\"mailto:jaiskola@szigja.hu\" target=\"_blank\" rel=\"noopener\">jaiskola@szigja.hu<\/a><br \/>Pedag\u00f3giai asszisztensek:<br \/>+36 30\/255-2639<\/p>\n<p>[\/et_pb_blurb][et_pb_blurb image=&#8221;https:\/\/szigja.hu\/2021\/wp-content\/uploads\/2021\/07\/radnotisuli-768&#215;443-1-300&#215;173.jpg&#8221; admin_label=&#8221;k\u00e9p&#8221; _builder_version=&#8221;4.13.0&#8243; header_font=&#8221;Rubik|700||on|||||&#8221; header_text_color=&#8221;rgba(255,255,255,0.5)&#8221; header_font_size=&#8221;16px&#8221; header_letter_spacing=&#8221;3px&#8221; header_line_height=&#8221;1.5em&#8221; body_font=&#8221;Rubik||||||||&#8221; body_font_size=&#8221;16px&#8221; body_line_height=&#8221;2em&#8221; background_color=&#8221;#EDF000&#8243; background_image=&#8221;https:\/\/szigja.hu\/2021\/wp-content\/uploads\/2021\/08\/Szigja_alap_keplogo.jpg&#8221; background_size=&#8221;contain&#8221; text_orientation=&#8221;center&#8221; background_layout=&#8221;dark&#8221; custom_margin=&#8221;|||&#8221; custom_padding=&#8221;40px|20px|40px|20px|true|true&#8221; animation_style=&#8221;zoom&#8221; animation_intensity_zoom=&#8221;10%&#8221; border_radii=&#8221;on|10px|10px|10px|10px&#8221; global_colors_info=&#8221;{}&#8221;][\/et_pb_blurb][\/et_pb_column][\/et_pb_row][et_pb_row _builder_version=&#8221;4.9.7&#8243; _module_preset=&#8221;default&#8221; global_colors_info=&#8221;{}&#8221;][et_pb_column type=&#8221;4_4&#8243; _builder_version=&#8221;4.9.7&#8243; _module_preset=&#8221;default&#8221; global_colors_info=&#8221;{}&#8221;][et_pb_divider show_divider=&#8221;off&#8221; _builder_version=&#8221;4.9.7&#8243; _module_preset=&#8221;default&#8221; global_colors_info=&#8221;{}&#8221;][\/et_pb_divider][et_pb_blurb title=&#8221;Telephely&#8221; admin_label=&#8221;Telephely&#8221; _builder_version=&#8221;4.13.0&#8243; header_font=&#8221;Rubik|700||on|||||&#8221; header_text_color=&#8221;rgba(255,255,255,0.5)&#8221; header_font_size=&#8221;16px&#8221; header_letter_spacing=&#8221;3px&#8221; header_line_height=&#8221;1.5em&#8221; body_font=&#8221;Rubik||||||||&#8221; body_font_size=&#8221;16px&#8221; body_line_height=&#8221;2em&#8221; background_color=&#8221;#8300E9&#8243; text_orientation=&#8221;center&#8221; background_layout=&#8221;dark&#8221; width=&#8221;97.3%&#8221; custom_margin=&#8221;|||&#8221; custom_padding=&#8221;7px|1px|7px|1px|true|true&#8221; animation_style=&#8221;zoom&#8221; animation_intensity_zoom=&#8221;10%&#8221; hover_enabled=&#8221;0&#8243; border_radii=&#8221;on|10px|10px|10px|10px&#8221; global_colors_info=&#8221;{}&#8221; sticky_enabled=&#8221;0&#8243;][\/et_pb_blurb][\/et_pb_column][\/et_pb_row][et_pb_row _builder_version=&#8221;4.9.7&#8243; _module_preset=&#8221;default&#8221; global_colors_info=&#8221;{}&#8221;][et_pb_column type=&#8221;4_4&#8243; _builder_version=&#8221;4.9.7&#8243; _module_preset=&#8221;default&#8221; global_colors_info=&#8221;{}&#8221;][et_pb_divider show_divider=&#8221;off&#8221; _builder_version=&#8221;4.9.7&#8243; _module_preset=&#8221;default&#8221; global_colors_info=&#8221;{}&#8221;][\/et_pb_divider][\/et_pb_column][\/et_pb_row][et_pb_row column_structure=&#8221;1_3,1_3,1_3&#8243; admin_label=&#8221;Contact Info Row&#8221; _builder_version=&#8221;4.9.7&#8243; custom_margin=&#8221;|||&#8221; global_colors_info=&#8221;{}&#8221;][et_pb_column type=&#8221;1_3&#8243; _builder_version=&#8221;3.25&#8243; custom_padding=&#8221;|||&#8221; global_colors_info=&#8221;{}&#8221; custom_padding__hover=&#8221;|||&#8221;][et_pb_blurb title=&#8221;C\u00edm&#8221; admin_label=&#8221;C\u00edm: 2310&#8243; _builder_version=&#8221;4.13.0&#8243; header_font=&#8221;Rubik|700||on|||||&#8221; header_text_color=&#8221;rgba(255,255,255,0.5)&#8221; header_font_size=&#8221;16px&#8221; header_letter_spacing=&#8221;3px&#8221; header_line_height=&#8221;1.5em&#8221; body_font=&#8221;Rubik||||||||&#8221; body_font_size=&#8221;16px&#8221; body_line_height=&#8221;2em&#8221; background_color=&#8221;#ff7355&#8243; text_orientation=&#8221;center&#8221; background_layout=&#8221;dark&#8221; custom_margin=&#8221;|||&#8221; custom_padding=&#8221;40px|20px|40px|20px|true|true&#8221; animation_style=&#8221;zoom&#8221; animation_intensity_zoom=&#8221;10%&#8221; border_radii=&#8221;on|10px|10px|10px|10px&#8221; global_colors_info=&#8221;{}&#8221;]<\/p>\n<p><strong>C\u00edm: 2310 Szigetszentmikl\u00f3s, Csokonai utca 14.<\/strong><\/p>\n<p>[\/et_pb_blurb][et_pb_blurb title=&#8221;Nyitva tart\u00e1s&#8221; admin_label=&#8221;Nyitva tart\u00e1s&#8221; _builder_version=&#8221;4.13.0&#8243; header_font=&#8221;Rubik|700||on|||||&#8221; header_text_color=&#8221;rgba(255,255,255,0.5)&#8221; header_font_size=&#8221;16px&#8221; header_letter_spacing=&#8221;3px&#8221; header_line_height=&#8221;1.5em&#8221; body_font=&#8221;Rubik||||||||&#8221; body_font_size=&#8221;16px&#8221; body_line_height=&#8221;2em&#8221; background_color=&#8221;#ff9c02&#8243; text_orientation=&#8221;center&#8221; background_layout=&#8221;dark&#8221; custom_margin=&#8221;|||&#8221; custom_padding=&#8221;40px|20px|40px|20px|true|true&#8221; animation_style=&#8221;zoom&#8221; animation_intensity_zoom=&#8221;10%&#8221; border_radii=&#8221;on|10px|10px|10px|10px&#8221; global_colors_info=&#8221;{}&#8221;]<\/p>\n<p>H-P.: 7:00 \u00f3r\u00e1t\u00f3l 17:00 \u00f3r\u00e1ig.<\/p>\n<p>[\/et_pb_blurb][\/et_pb_column][et_pb_column type=&#8221;1_3&#8243; _builder_version=&#8221;4.9.7&#8243; _module_preset=&#8221;default&#8221; global_colors_info=&#8221;{}&#8221;][et_pb_blurb title=&#8221;Telefon &#038; e-mail&#8221; admin_label=&#8221;Telefon &#038; e-mail&#8221; _builder_version=&#8221;4.13.1&#8243; header_font=&#8221;Rubik|700||on|||||&#8221; header_text_color=&#8221;rgba(255,255,255,0.5)&#8221; header_font_size=&#8221;16px&#8221; header_letter_spacing=&#8221;3px&#8221; header_line_height=&#8221;1.5em&#8221; body_font=&#8221;Rubik||||||||&#8221; body_font_size=&#8221;16px&#8221; body_line_height=&#8221;2em&#8221; background_color=&#8221;#2b76df&#8221; text_orientation=&#8221;center&#8221; background_layout=&#8221;dark&#8221; custom_margin=&#8221;|||&#8221; custom_padding=&#8221;40px|20px|40px|20px|true|true&#8221; animation_style=&#8221;zoom&#8221; animation_intensity_zoom=&#8221;10%&#8221; hover_enabled=&#8221;0&#8243; border_radii=&#8221;on|10px|10px|10px|10px&#8221; global_colors_info=&#8221;{}&#8221; sticky_enabled=&#8221;0&#8243;]<\/p>\n<p>Telefon: +36 24\/446-123<br \/>E-mail: <a href=\"mailto:jaiskola@szigja.hu\" target=\"_blank\" rel=\"noopener\">jaiskola@szigja.hu<\/a><\/p>\n<p>[\/et_pb_blurb][et_pb_blurb admin_label=&#8221;Az als\u00f3s int\u00e9zm\u00e9nyvezet\u0151&#8230;&#8221; _builder_version=&#8221;4.13.0&#8243; header_font=&#8221;Rubik|700||on|||||&#8221; header_text_color=&#8221;rgba(255,255,255,0.5)&#8221; header_font_size=&#8221;16px&#8221; header_letter_spacing=&#8221;3px&#8221; header_line_height=&#8221;1.5em&#8221; body_font=&#8221;Rubik||||||||&#8221; body_font_size=&#8221;16px&#8221; body_line_height=&#8221;2em&#8221; background_color=&#8221;#7CDA24&#8243; text_orientation=&#8221;center&#8221; background_layout=&#8221;dark&#8221; custom_margin=&#8221;|||&#8221; custom_padding=&#8221;40px|20px|40px|20px|true|true&#8221; animation_style=&#8221;zoom&#8221; animation_intensity_zoom=&#8221;10%&#8221; hover_enabled=&#8221;0&#8243; border_radii=&#8221;on|10px|10px|10px|10px&#8221; global_colors_info=&#8221;{}&#8221; sticky_enabled=&#8221;0&#8243;]<\/p>\n<p>Az als\u00f3s int\u00e9zm\u00e9nyvezet\u0151 helyetteshez el\u0151zetes telefonos id\u0151pontegyeztet\u00e9s sz\u00fcks\u00e9ges.<\/p>\n<p>[\/et_pb_blurb][\/et_pb_column][et_pb_column type=&#8221;1_3&#8243; _builder_version=&#8221;3.25&#8243; custom_padding=&#8221;|||&#8221; global_colors_info=&#8221;{}&#8221; custom_padding__hover=&#8221;|||&#8221;][et_pb_blurb image=&#8221;https:\/\/szigja.hu\/2021\/wp-content\/uploads\/2021\/07\/csokonaisuli-768&#215;545-1-300&#215;213.jpg&#8221; admin_label=&#8221;k\u00e9p&#8221; _builder_version=&#8221;4.13.0&#8243; header_font=&#8221;Rubik|700||on|||||&#8221; header_text_color=&#8221;rgba(255,255,255,0.5)&#8221; header_font_size=&#8221;16px&#8221; header_letter_spacing=&#8221;3px&#8221; header_line_height=&#8221;1.5em&#8221; body_font=&#8221;Rubik||||||||&#8221; body_font_size=&#8221;16px&#8221; body_line_height=&#8221;2em&#8221; background_color=&#8221;#EDF000&#8243; background_image=&#8221;https:\/\/szigja.hu\/2021\/wp-content\/uploads\/2021\/08\/csokonai_edited.png&#8221; background_size=&#8221;contain&#8221; text_orientation=&#8221;center&#8221; background_layout=&#8221;dark&#8221; custom_margin=&#8221;|||&#8221; custom_padding=&#8221;40px|20px|40px|20px|true|true&#8221; animation_style=&#8221;zoom&#8221; animation_intensity_zoom=&#8221;10%&#8221; border_radii=&#8221;on|10px|10px|10px|10px&#8221; global_colors_info=&#8221;{}&#8221;][\/et_pb_blurb][\/et_pb_column][\/et_pb_row][\/et_pb_section]<\/p>\n","protected":false},"excerpt":{"rendered":"<p>2310 Szigetszentmikl\u00f3s, Radn\u00f3ti Mikl\u00f3s utca 6.H-P.: 7:00 \u00f3r\u00e1t\u00f3l 17:00 \u00f3r\u00e1ig.H\u00e9tf\u0151: 8:00-12:00Szerda: 10:00-14:00 Az int\u00e9zm\u00e9nyvezet\u0151h\u00f6z el\u0151zetes telefonos id\u0151pontegyeztet\u00e9s sz\u00fcks\u00e9ges a k\u00f6vetkez\u0151 sz\u00e1mon:+36 30\/115-0711203277Di\u00e1kokkal kapcsolatos k\u00e9rd\u00e9s, probl\u00e9ma eset\u00e9n: kapcsolat@szigja.hu+36 30\/254-9667, +36 24\/530-860 [&hellip;]<\/p>\n","protected":false},"author":4,"featured_media":0,"parent":0,"menu_order":0,"comment_status":"closed","ping_status":"closed","template":"","meta":{"_et_pb_use_builder":"on","_et_pb_old_content":"","_et_gb_content_width":"","cybocfi_hide_featured_image":"","footnotes":""},"class_list":["post-19830","page","type-page","status-publish","hentry"],"_links":{"self":[{"href":"https:\/\/szigja.hu\/2021\/wp-json\/wp\/v2\/pages\/19830","targetHints":{"allow":["GET"]}}],"collection":[{"href":"https:\/\/szigja.hu\/2021\/wp-json\/wp\/v2\/pages"}],"about":[{"href":"https:\/\/szigja.hu\/2021\/wp-json\/wp\/v2\/types\/page"}],"author":[{"embeddable":true,"href":"https:\/\/szigja.hu\/2021\/wp-json\/wp\/v2\/users\/4"}],"replies":[{"embeddable":true,"href":"https:\/\/szigja.hu\/2021\/wp-json\/wp\/v2\/comments?post=19830"}],"version-history":[{"count":28,"href":"https:\/\/szigja.hu\/2021\/wp-json\/wp\/v2\/pages\/19830\/revisions"}],"predecessor-version":[{"id":29774,"href":"https:\/\/szigja.hu\/2021\/wp-json\/wp\/v2\/pages\/19830\/revisions\/29774"}],"wp:attachment":[{"href":"https:\/\/szigja.hu\/2021\/wp-json\/wp\/v2\/media?parent=19830"}],"curies":[{"name":"wp","href":"https:\/\/api.w.org\/{rel}","templated":true}]}}