{"id":22809,"date":"2022-09-12T05:57:28","date_gmt":"2022-09-12T05:57:28","guid":{"rendered":"https:\/\/szigja.hu\/2021\/?page_id=22809"},"modified":"2022-09-15T08:47:37","modified_gmt":"2022-09-15T08:47:37","slug":"szigja-se","status":"publish","type":"page","link":"https:\/\/szigja.hu\/2021\/szigja-se\/","title":{"rendered":"Szigja SE"},"content":{"rendered":"[et_pb_section fb_built=&#8221;1&#8243; _builder_version=&#8221;4.10.3&#8243; _module_preset=&#8221;default&#8221; global_colors_info=&#8221;{}&#8221;][et_pb_row _builder_version=&#8221;4.10.3&#8243; _module_preset=&#8221;default&#8221; global_colors_info=&#8221;{}&#8221;][et_pb_column type=&#8221;4_4&#8243; _builder_version=&#8221;4.10.3&#8243; _module_preset=&#8221;default&#8221; global_colors_info=&#8221;{}&#8221;][et_pb_text _builder_version=&#8221;4.13.1&#8243; _module_preset=&#8221;default&#8221; hover_enabled=&#8221;0&#8243; global_colors_info=&#8221;{}&#8221; sticky_enabled=&#8221;0&#8243;]<p><img decoding=\"async\" src=\"\/2021\/wp-content\/uploads\/2022\/09\/honlapra.jpg\" width=\"200px\" \/><\/p>\n<p class=\"x_MsoNormal\"><strong>SZIGJA Sportegyes\u00fclet<\/strong><\/p>\n<p class=\"x_MsoNormal\">Ad\u00f3sz\u00e1munk: 19249090-1-13<br \/>Banksz\u00e1mlasz\u00e1m: 10700512-72240216-51100005<\/p>\n<p><span data-ccp-props=\"{&quot;134233117&quot;:false,&quot;134233118&quot;:false,&quot;201341983&quot;:0,&quot;335551550&quot;:6,&quot;335551620&quot;:6,&quot;335559738&quot;:0,&quot;335559739&quot;:240,&quot;335559740&quot;:480}\">\u00a0<\/span><span data-contrast=\"auto\">A Szigetszentmikl\u00f3si J\u00f3zsef Attila \u00c1ltal\u00e1nos Iskola sportegyes\u00fclete SZIGJA SE n\u00e9ven 2019-ben alakult a rendszeresen mozogni k\u00edv\u00e1n\u00f3 gyerekek sportol\u00e1s\u00e1nak biztos\u00edt\u00e1sa \u00e9rdek\u00e9ben. Sajnos a Covid miatt a sportegyes\u00fclet tev\u00e9kenys\u00e9ge eddig sz\u00fcnetelni k\u00e9nyszer\u00fclt. Az idei \u00e9vt\u0151l szeretn\u00e9nk az egyes\u00fclet tev\u00e9kenys\u00e9g\u00e9t elind\u00edtani.\u00a0<\/span><span data-ccp-props=\"{&quot;134233117&quot;:false,&quot;134233118&quot;:false,&quot;201341983&quot;:0,&quot;335551550&quot;:6,&quot;335551620&quot;:6,&quot;335559738&quot;:0,&quot;335559739&quot;:240,&quot;335559740&quot;:480}\">\u00a0<\/span><\/p>\n<p><span data-contrast=\"auto\">A Sportegyes\u00fclet c\u00e9lja a rendszeres sportol\u00e1s, versenyz\u00e9s, testedz\u00e9s, mindennapos testmozg\u00e1s lehet\u0151s\u00e9g\u00e9nek megteremt\u00e9se, tov\u00e1bb\u00e1 a Sportegyes\u00fclet tagjai sz\u00e1m\u00e1ra eg\u00e9szs\u00e9gnevel\u00e9s, \u00e9letm\u00f3d-tan\u00e1csad\u00e1s \u00e9s sportszakmai t\u00e1mogat\u00e1s biztos\u00edt\u00e1sa, a t\u00e1rsadalmi \u00f6ntev\u00e9kenys\u00e9g \u00e9s a k\u00f6z\u00f6ss\u00e9gi \u00e9let el\u0151seg\u00edt\u00e9se.\u00a0<\/span><span data-ccp-props=\"{&quot;201341983&quot;:0,&quot;335551550&quot;:6,&quot;335551620&quot;:6,&quot;335559731&quot;:204,&quot;335559739&quot;:11,&quot;335559740&quot;:480}\">\u00a0<\/span><\/p>\n<p><span data-contrast=\"auto\">A Sportegyes\u00fclet els\u0151dlegesen a Szigetszentmikl\u00f3si J\u00f3zsef Attila \u00c1ltal\u00e1nos Iskola di\u00e1kjai szabadid\u0151sportj\u00e1t \u00e9s tehets\u00e9ggondoz\u00e1s\u00e1t t\u00e1mogatja. A sporthoz haszn\u00e1latos sporteszk\u00f6z\u00f6k beszerz\u00e9s\u00e9hez p\u00e1ly\u00e1zatokat \u00edr \u00e9s anyagi t\u00e1mogat\u00e1st ny\u00fajt.<\/span><span data-ccp-props=\"{&quot;201341983&quot;:0,&quot;335551550&quot;:6,&quot;335551620&quot;:6,&quot;335559731&quot;:204,&quot;335559739&quot;:11,&quot;335559740&quot;:480}\">\u00a0<\/span><\/p>\n<p><span data-contrast=\"auto\">A Sportegyes\u00fclet tov\u00e1bbi c\u00e9lja, hogy a tehets\u00e9ges sportol\u00f3k kibontakoz\u00e1s\u00e1t el\u0151mozd\u00edtsa, helyi, j\u00e1r\u00e1si, megyei, orsz\u00e1gos \u00e9s nemzetk\u00f6zi versenyeken, m\u00e9rk\u0151z\u00e9seken, bajnoks\u00e1gokon, kup\u00e1kban vegyen r\u00e9szt, illetve ilyeneket rendezzen, tov\u00e1bb\u00e1 hozz\u00e1j\u00e1ruljon a nemzeti sport\u00e9let fejl\u0151d\u00e9s\u00e9hez, az olimpiai mozgalom c\u00e9ljainak megval\u00f3s\u00edt\u00e1s\u00e1hoz. A versenyekre utaz\u00e1shoz, az anyagi lehet\u0151s\u00e9gihez m\u00e9rten t\u00e1mogat\u00e1st ny\u00fajt.<\/span><span data-ccp-props=\"{&quot;201341983&quot;:0,&quot;335551550&quot;:6,&quot;335551620&quot;:6,&quot;335559731&quot;:204,&quot;335559739&quot;:250,&quot;335559740&quot;:480}\">\u00a0<\/span><\/p>\n<p><span data-contrast=\"auto\">A Sportegyes\u00fclet k<\/span><span data-contrast=\"auto\">\u00fcl\u00f6nb\u00f6z\u0151 <\/span><span data-contrast=\"auto\">sportol\u00e1si lehet\u0151s\u00e9get k\u00edn\u00e1l az iskola keretein el\u00fcl. Tev\u00e9kenys\u00e9gek: t\u00f6megsport, labdar\u00fag\u00e1s, sakk, frizbi.<\/span><span data-ccp-props=\"{&quot;134233117&quot;:false,&quot;134233118&quot;:false,&quot;201341983&quot;:0,&quot;335551550&quot;:6,&quot;335551620&quot;:6,&quot;335559738&quot;:0,&quot;335559739&quot;:240,&quot;335559740&quot;:480}\">\u00a0<\/span><\/p>\n<p><span data-contrast=\"auto\">Az elm\u00falt tan\u00e9v egyik jelent\u0151s sportsikere:<\/span><span data-ccp-props=\"{&quot;201341983&quot;:0,&quot;335551550&quot;:6,&quot;335551620&quot;:6,&quot;335559739&quot;:0,&quot;335559740&quot;:240}\">\u00a0<\/span><span data-ccp-props=\"{&quot;201341983&quot;:0,&quot;335551550&quot;:6,&quot;335551620&quot;:6,&quot;335559739&quot;:0,&quot;335559740&quot;:240}\">\u00a0<\/span><\/p>\n<p><span data-contrast=\"auto\">2022.06.11-en ker\u00fclt megrendez\u00e9sre az idei Ultimate Frizbi Di\u00e1kolimpia Orsz\u00e1gos D\u00f6nt\u0151je, ahol iskol\u00e1nk tanul\u00f3i n\u00e9gy kateg\u00f3ri\u00e1ban is megm\u00e9rett\u00e9k magukat.<\/span><span data-ccp-props=\"{&quot;201341983&quot;:0,&quot;335551550&quot;:6,&quot;335551620&quot;:6,&quot;335559739&quot;:0,&quot;335559740&quot;:240}\">\u00a0<\/span><\/p>\n<p><span data-contrast=\"auto\">\u202fA 2. korcsoportos tanul\u00f3k csapata sz\u00ednvonalas j\u00e1t\u00e9kkal, magabiztos gy\u0151zelmekkel arany\u00e9remmel z\u00e1rta a napot.<\/span><span data-ccp-props=\"{&quot;201341983&quot;:0,&quot;335551550&quot;:6,&quot;335551620&quot;:6,&quot;335559739&quot;:0,&quot;335559740&quot;:240}\">\u00a0<br \/><\/span><span data-contrast=\"auto\">\u202fA 3. korcsoportban csoportels\u0151s\u00e9g ut\u00e1n sajnos nem siker\u00fclt d\u00f6nt\u0151be jutni, v\u00e9g\u00fcl egy sz\u00e9p gy\u0151zelemmel bronz\u00e9remmel z\u00e1rt a csapat.<\/span><span data-ccp-props=\"{&quot;201341983&quot;:0,&quot;335551550&quot;:6,&quot;335551620&quot;:6,&quot;335559739&quot;:0,&quot;335559740&quot;:240}\">\u00a0<br \/><\/span><span data-contrast=\"auto\">A 4. korcsoport B (amat\u0151r) kateg\u00f3ri\u00e1j\u00e1ban v\u00e9gig sz\u00e9pen j\u00e1tszottak a gyerekek, be is jutottak a d\u00f6nt\u0151be, ahol sajnos nem siker\u00fclt gy\u0151zedelmeskedni, \u00edgy egy sz\u00e9pen csillog\u00f3 ez\u00fcst\u00e9remmel z\u00e1rtak.<\/span><span data-ccp-props=\"{&quot;201341983&quot;:0,&quot;335551550&quot;:6,&quot;335551620&quot;:6,&quot;335559739&quot;:0,&quot;335559740&quot;:240}\">\u00a0<br \/><\/span><span data-contrast=\"auto\">\u202fA 4. korcsoport A (leigazolt frizbisek) kateg\u00f3ri\u00e1j\u00e1ban ki\u00e9lezett harcokban bronzm\u00e9rk\u0151z\u00e9sig verkedt\u00e9k magukat a gyerekek, ahol gy\u0151zni tudt\u00e1k, \u00edgy \u0151k is a harmadik helyen z\u00e1rtak.<\/span><span data-ccp-props=\"{&quot;201341983&quot;:0,&quot;335551550&quot;:6,&quot;335551620&quot;:6,&quot;335559739&quot;:0,&quot;335559740&quot;:240}\">\u00a0<\/span><span data-contrast=\"auto\">\u202f<\/span><span data-ccp-props=\"{&quot;201341983&quot;:0,&quot;335551550&quot;:6,&quot;335551620&quot;:6,&quot;335559739&quot;:0,&quot;335559740&quot;:240}\">\u00a0<\/span><\/p>\n<p><span data-contrast=\"auto\">\u00d6<\/span><span data-contrast=\"auto\">sszes\u00edtve iskol\u00e1nk egy arany-, egy ez\u00fcst- \u00e9s k\u00e9t bronz\u00e9remmel z\u00e1rta a napot.<\/span><span data-ccp-props=\"{&quot;201341983&quot;:0,&quot;335551550&quot;:6,&quot;335551620&quot;:6,&quot;335559739&quot;:0,&quot;335559740&quot;:240}\">\u00a0<\/span><\/p>\n<p><span data-ccp-props=\"{&quot;201341983&quot;:0,&quot;335551550&quot;:6,&quot;335551620&quot;:6,&quot;335559739&quot;:160,&quot;335559740&quot;:480}\">\u00a0<\/span><\/p>\n<p><span data-ccp-props=\"{&quot;201341983&quot;:0,&quot;335551550&quot;:6,&quot;335551620&quot;:6,&quot;335559739&quot;:160,&quot;335559740&quot;:480}\">\u00a0<\/span><\/p>\n<p><!-- \/wp:post-content --><!-- wp:file {\"id\":19571,\"href\":\"https:\/\/szigja.hu\/wp-content\/uploads\/2021\/05\/Alapitvany-tevekenysege-2020.pdf\"} --><\/p>\n<p><!-- \/wp:file --><!-- wp:paragraph --><\/p>\n<p>&nbsp;<\/p>[\/et_pb_text][\/et_pb_column][\/et_pb_row][\/et_pb_section]","protected":false},"excerpt":{"rendered":"<p>SZIGJA Sportegyes\u00fclet Ad\u00f3sz\u00e1munk: 19249090-1-13Banksz\u00e1mlasz\u00e1m: 10700512-72240216-51100005 \u00a0A Szigetszentmikl\u00f3si J\u00f3zsef Attila \u00c1ltal\u00e1nos Iskola sportegyes\u00fclete SZIGJA SE n\u00e9ven 2019-ben alakult a rendszeresen mozogni k\u00edv\u00e1n\u00f3 gyerekek sportol\u00e1s\u00e1nak biztos\u00edt\u00e1sa \u00e9rdek\u00e9ben. Sajnos a Covid miatt a [&hellip;]<\/p>\n","protected":false},"author":4,"featured_media":0,"parent":0,"menu_order":0,"comment_status":"closed","ping_status":"closed","template":"","meta":{"_et_pb_use_builder":"on","_et_pb_old_content":"","_et_gb_content_width":"","cybocfi_hide_featured_image":"","footnotes":""},"class_list":["post-22809","page","type-page","status-publish","hentry"],"_links":{"self":[{"href":"https:\/\/szigja.hu\/2021\/wp-json\/wp\/v2\/pages\/22809","targetHints":{"allow":["GET"]}}],"collection":[{"href":"https:\/\/szigja.hu\/2021\/wp-json\/wp\/v2\/pages"}],"about":[{"href":"https:\/\/szigja.hu\/2021\/wp-json\/wp\/v2\/types\/page"}],"author":[{"embeddable":true,"href":"https:\/\/szigja.hu\/2021\/wp-json\/wp\/v2\/users\/4"}],"replies":[{"embeddable":true,"href":"https:\/\/szigja.hu\/2021\/wp-json\/wp\/v2\/comments?post=22809"}],"version-history":[{"count":6,"href":"https:\/\/szigja.hu\/2021\/wp-json\/wp\/v2\/pages\/22809\/revisions"}],"predecessor-version":[{"id":22829,"href":"https:\/\/szigja.hu\/2021\/wp-json\/wp\/v2\/pages\/22809\/revisions\/22829"}],"wp:attachment":[{"href":"https:\/\/szigja.hu\/2021\/wp-json\/wp\/v2\/media?parent=22809"}],"curies":[{"name":"wp","href":"https:\/\/api.w.org\/{rel}","templated":true}]}}