{"id":24818,"date":"2023-10-19T09:16:50","date_gmt":"2023-10-19T09:16:50","guid":{"rendered":"https:\/\/szigja.hu\/2021\/?page_id=24818"},"modified":"2023-10-19T09:32:37","modified_gmt":"2023-10-19T09:32:37","slug":"iskolank-tortenete","status":"publish","type":"page","link":"https:\/\/szigja.hu\/2021\/iskolank-tortenete\/","title":{"rendered":"Iskol\u00e1nk T\u00f6rt\u00e9nete"},"content":{"rendered":"<p>[et_pb_section fb_built=&#8221;1&#8243; _builder_version=&#8221;3.22&#8243; global_colors_info=&#8221;{}&#8221;][et_pb_row _builder_version=&#8221;3.25&#8243; background_size=&#8221;initial&#8221; background_position=&#8221;top_left&#8221; background_repeat=&#8221;repeat&#8221; global_colors_info=&#8221;{}&#8221;][et_pb_column type=&#8221;4_4&#8243; _builder_version=&#8221;3.25&#8243; custom_padding=&#8221;|||&#8221; global_colors_info=&#8221;{}&#8221; custom_padding__hover=&#8221;|||&#8221;][et_pb_text _builder_version=&#8221;4.13.1&#8243; background_size=&#8221;initial&#8221; background_position=&#8221;top_left&#8221; background_repeat=&#8221;repeat&#8221; hover_enabled=&#8221;0&#8243; global_colors_info=&#8221;{}&#8221; sticky_enabled=&#8221;0&#8243;]<\/p>\n<section id=\"cd-timeline\" class=\"cd-container timeline-express\">\n<div class=\"cd-timeline-block okt\u00f3ber 04 2017 announcement-no-image announcement-4463\">\n<div class=\"cd-timeline-content\">\n<div class=\"the-excerpt\">\n<p>A <strong>J\u00f3zsef Attila \u00c1ltal\u00e1nos Iskola<\/strong> 1955-ben \u00e1tadott 12 tantermes \u00e9p\u00fcletben kezdte meg a m\u0171k\u00f6d\u00e9s\u00e9t a J\u00f3zsef Attila lak\u00f3telepen R\u00e9ti B\u00e9la igazgat\u00f3 vezet\u00e9s\u00e9vel. Helyzet\u00e9b\u0151l ad\u00f3d\u00f3an a lak\u00f3telep fejl\u0151d\u00e9s\u00e9vel p\u00e1rhuzamosan v\u00e1lt egyre sz\u0171kebb\u00e9 az \u00e9p\u00fclet, ami b\u0151v\u00edt\u00e9sre \u00f6szt\u00f6n\u00f6zte az akkori fenntart\u00f3kat. A plusz 8 tanterem meg\u00e9p\u00edt\u00e9s\u00e9re 1965-ben ker\u00fclt sor.<\/p>\n<p><img decoding=\"async\" data-attachment-id=\"24848\" data-permalink=\"https:\/\/szigja.hu\/2021\/jozsef_attila_altalanos_iskola_homlokzat_2019_szigetszentmiklos\/\" data-orig-file=\"https:\/\/i0.wp.com\/szigja.hu\/2021\/wp-content\/uploads\/2023\/10\/Jozsef_Attila_Altalanos_Iskola_homlokzat_2019_Szigetszentmiklos.jpg?fit=1920%2C1080&amp;ssl=1\" data-orig-size=\"1920,1080\" data-comments-opened=\"0\" data-image-meta=\"{&quot;aperture&quot;:&quot;0&quot;,&quot;credit&quot;:&quot;&quot;,&quot;camera&quot;:&quot;&quot;,&quot;caption&quot;:&quot;: J\\u00f3zsef Attila Elementary School Radn\\u00f3ti street branch, main building (or main wing) S facade.  - 6 Radn\\u00f3ti Mikl\\u00f3s utca, [[:en:Szigetszentmikl\\u00f3s|Szigetszentmikl\\u00f3s]], [[:en:Pest County|Pest County]], [[:en:Hungary|Hungary]].}}{{hu|1=: [[:hu:Szigetszentmikl\\u00f3si J\\u00f3zsef Attila \\u00c1ltal\\u00e1nos Iskola \\u00e9s Alapfok\\u00fa M\\u0171v\\u00e9szeti Iskola|Szigetszentmikl\\u00f3si J\\u00f3zsef Attila \\u00c1ltal\\u00e1nos Iskola \\u00e9s Alapfok\\u00fa M\\u0171v\\u00e9szeti Iskola]] Radn\\u00f3ti Mikl\\u00f3s utcai telephelye. F\\u0151\\u00e9p\\u00fclet d\\u00e9li homlokzat. - [[:hu:Pest megye|Pest megye]], [[:hu:Szigetszentmikl\\u00f3s|Szigetszentmikl\\u00f3s]], J\\u00f3zsef Attila lak\\u00f3telep, Radn\\u00f3ti Mikl\\u00f3s utca 6. {{Object location|47.34112|19.038535}}{{Location|47|20|24.98|N|19|2|19.21|E}}&quot;,&quot;created_timestamp&quot;:&quot;0&quot;,&quot;copyright&quot;:&quot;&quot;,&quot;focal_length&quot;:&quot;0&quot;,&quot;iso&quot;:&quot;0&quot;,&quot;shutter_speed&quot;:&quot;0&quot;,&quot;title&quot;:&quot;&quot;,&quot;orientation&quot;:&quot;0&quot;}\" data-image-title=\"J\u00f3zsef_Attila_\u00c1ltal\u00e1nos_Iskola,_homlokzat,_2019_Szigetszentmikl\u00f3s\" data-image-description=\"\" data-image-caption=\"&lt;p&gt;: J\u00f3zsef Attila Elementary School Radn\u00f3ti street branch, main building (or main wing) S facade.  &amp;#8211; 6 Radn\u00f3ti Mikl\u00f3s utca, [[:en:Szigetszentmikl\u00f3s|Szigetszentmikl\u00f3s]], [[:en:Pest County|Pest County]], [[:en:Hungary|Hungary]].}}{{hu|1=: [[:hu:Szigetszentmikl\u00f3si J\u00f3zsef Attila \u00c1ltal\u00e1nos Iskola \u00e9s Alapfok\u00fa M\u0171v\u00e9szeti Iskola|Szigetszentmikl\u00f3si J\u00f3zsef Attila \u00c1ltal\u00e1nos Iskola \u00e9s Alapfok\u00fa M\u0171v\u00e9szeti Iskola]] Radn\u00f3ti Mikl\u00f3s utcai telephelye. F\u0151\u00e9p\u00fclet d\u00e9li homlokzat. &amp;#8211; [[:hu:Pest megye|Pest megye]], [[:hu:Szigetszentmikl\u00f3s|Szigetszentmikl\u00f3s]], J\u00f3zsef Attila lak\u00f3telep, Radn\u00f3ti Mikl\u00f3s utca 6. {{Object location|47.34112|19.038535}}{{Location|47|20|24.98|N|19|2|19.21|E}}&lt;\/p&gt;\n\" data-medium-file=\"https:\/\/i0.wp.com\/szigja.hu\/2021\/wp-content\/uploads\/2023\/10\/Jozsef_Attila_Altalanos_Iskola_homlokzat_2019_Szigetszentmiklos.jpg?fit=300%2C169&amp;ssl=1\" data-large-file=\"https:\/\/i0.wp.com\/szigja.hu\/2021\/wp-content\/uploads\/2023\/10\/Jozsef_Attila_Altalanos_Iskola_homlokzat_2019_Szigetszentmiklos.jpg?fit=600%2C338&amp;ssl=1\" class=\"wp-image-24848 size-large alignleft\" src=\"https:\/\/i0.wp.com\/szigja.hu\/2021\/wp-content\/uploads\/2023\/10\/Jozsef_Attila_Altalanos_Iskola_homlokzat_2019_Szigetszentmiklos.jpg?resize=600%2C338&#038;ssl=1\" alt=\"\" width=\"600\" height=\"338\" data-recalc-dims=\"1\" \/><\/p>\n<\/div>\n<p>A lak\u00f3telep b\u0151v\u00edt\u00e9s\u00e9vel 1980-ra az iskola tanul\u00f3l\u00e9tsz\u00e1ma el\u00e9rte a 909 f\u0151t, s ez tov\u00e1bbi tantermek l\u00e9trehoz\u00e1s\u00e1t tette sz\u00fcks\u00e9gess\u00e9. 1982-ben 3 \u00faj tanteremet \u00e9p\u00edtettek. 1990-ben iskol\u00e1hoz csatolt\u00e1k a\u00a0V\u00e1ci Mih\u00e1ly\u00a0u. 1. sz. alatti \u00f3voda \u00e9p\u00fclet\u00e9t.<\/p>\n<p>Az iskola 1995-ben vette fel J\u00f3zsef Attila nev\u00e9t. L\u00e9tsz\u00e1muk folyamatosan n\u0151. 2002. szeptember 1-j\u00e9n vett\u00e9k birtokba az \u201eE\u201d \u00e9p\u00fcletet, amelyben 5 tanul\u00f3csoport kapott helyet. 2006 szeptember\u00e9ben a tanul\u00f3csoportok sz\u00e1m\u00e1nak n\u00f6veked\u00e9se miatt a V\u00e1ci Mih\u00e1ly \u00fati tagiskol\u00e1b\u00f3l ki kellett k\u00f6lt\u00f6zni, \u00e9s helyette a Csokonai \u00fati koll\u00e9giumban kialak\u00edtott 10 tantermes \u00e9p\u00fcletbe ker\u00fclt \u00e1t az 1\u20132. \u00e9vfolyam. Jelenleg a tanul\u00f3k l\u00e9tsz\u00e1ma meghaladja az 1000 f\u0151t. 2011. szeptember 1-j\u00e9n az iskola t\u00f6bbc\u00e9l\u00fa int\u00e9zm\u00e9nny\u00e9 alakult, \u00e9s felvette a J\u00f3zsef Attila \u00c1ltal\u00e1nos Iskola \u00e9s Alapfok\u00fa M\u0171v\u00e9szetoktat\u00e1si Int\u00e9zm\u00e9ny nevet.<\/p>\n<p>A Mikl\u00f3si Alapfok\u00fa M\u0171v\u00e9szetoktat\u00e1si Int\u00e9zm\u00e9nyt 2004-ben hozta l\u00e9tre a M\u0171v\u00e9szeti Tanoda Alap\u00edtv\u00e1ny. 2011. szeptember 1-j\u00e9n az int\u00e9zm\u00e9ny beolvadt az iskol\u00e1ba.<br \/>2013. janu\u00e1r 1-t\u0151l \u00faj fenntart\u00f3ja lett az iskol\u00e1nak, emiatt a neve is megv\u00e1ltozott, \u00e9s Szigetszentmikl\u00f3si J\u00f3zsef Attila \u00c1ltal\u00e1nos Iskola \u00e9s Alapfok\u00fa M\u0171v\u00e9szeti Iskola n\u00e9ven m\u0171k\u00f6dik tov\u00e1bb. 2014. szeptember 1-j\u00e9t\u0151l az iskola \u00faj sz\u00e9khely\u00e9p\u00fcletben m\u0171k\u00f6dik, a r\u00e9gi sz\u00e9khely\u00e9p\u00fclet tagint\u00e9zm\u00e9nyi form\u00e1ban m\u0171k\u00f6dik tov\u00e1bb.<\/p>\n<p>&nbsp;<\/p>\n<p>2017. szeptember 1-j\u00e9n \u00faj fejezet ny\u00edlt az iskola \u00e9let\u00e9ben. Az \u00faj sz\u00e9khely\u00e9p\u00fclet k\u00fcl\u00f6nv\u00e1lt \u00e9s Szigetszentmikl\u00f3si \u00c1d\u00e1m Jen\u0151 \u00c1ltal\u00e1nos Iskola \u00e9s Alapfok\u00fa M\u0171v\u00e9szeti Iskola n\u00e9ven folytatja tov\u00e1bb m\u0171k\u00f6d\u00e9s\u00e9t, a Radn\u00f3ti \u00e9s a Csokonai utc\u00e1ban tal\u00e1lhat\u00f3 tagint\u00e9zm\u00e9ny pedig visszanyerve \u00f6n\u00e1ll\u00f3s\u00e1g\u00e1t, maradt a Szigetszentmikl\u00f3si<\/p>\n<p><img decoding=\"async\" data-attachment-id=\"24890\" data-permalink=\"https:\/\/szigja.hu\/2021\/jozsef_attila_dombormu_az_iskola_homlokzatan_2019_szigetszentmiklos\/\" data-orig-file=\"https:\/\/i0.wp.com\/szigja.hu\/2021\/wp-content\/uploads\/2023\/10\/Jozsef_Attila_dombormu_az_iskola_homlokzatan_2019_Szigetszentmiklos.jpg?fit=713%2C769&amp;ssl=1\" data-orig-size=\"713,769\" data-comments-opened=\"0\" data-image-meta=\"{&quot;aperture&quot;:&quot;6.5&quot;,&quot;credit&quot;:&quot;&quot;,&quot;camera&quot;:&quot;&quot;,&quot;caption&quot;:&quot;: J\\u00f3zsef Attila Elementary School Radn\\u00f3ti street branch, main building (or main wing) S facade, relief.  - 6 Radn\\u00f3ti Mikl\\u00f3s utca, [[:en:Szigetszentmikl\\u00f3s|Szigetszentmikl\\u00f3s]], [[:en:Pest County|Pest County]], [[:en:Hungary|Hungary]].}}{{hu|1=: [[:hu:Szigetszentmikl\\u00f3si J\\u00f3zsef Attila \\u00c1ltal\\u00e1nos Iskola \\u00e9s Alapfok\\u00fa M\\u0171v\\u00e9szeti Iskola|Szigetszentmikl\\u00f3si J\\u00f3zsef Attila \\u00c1ltal\\u00e1nos Iskola \\u00e9s Alapfok\\u00fa M\\u0171v\\u00e9szeti Iskola]] Radn\\u00f3ti Mikl\\u00f3s utcai telephelye. F\\u0151\\u00e9p\\u00fclet d\\u00e9li homlokzat. J\\u00f3zsef Attila domborm\\u0171 (ismeretlen alkot\\u00fc, kb 2010-es) a bej\\u00e1rat felett. Van egy m\\u00e1sik is az \\u00e9p\\u00fcletben!!! - [[:hu:Pest megye|Pest megye]], [[:hu:Szigetszentmikl\\u00f3s|Szigetszentmikl\\u00f3s]], J\\u00f3zsef Attila lak\\u00f3telep, Radn\\u00f3ti Mikl\\u00f3s utca 6. {{Object location|47.34112|19.038535}}{{Location|47|20|26.52|N|19|2|18.87|E}}&quot;,&quot;created_timestamp&quot;:&quot;0&quot;,&quot;copyright&quot;:&quot;&quot;,&quot;focal_length&quot;:&quot;27.6&quot;,&quot;iso&quot;:&quot;0&quot;,&quot;shutter_speed&quot;:&quot;0.002&quot;,&quot;title&quot;:&quot;&quot;,&quot;orientation&quot;:&quot;1&quot;}\" data-image-title=\"J\u00f3zsef_Attila_domborm\u0171_az_iskola_homlokzat\u00e1n,_2019_Szigetszentmikl\u00f3s\" data-image-description=\"\" data-image-caption=\"&lt;p&gt;: J\u00f3zsef Attila Elementary School Radn\u00f3ti street branch, main building (or main wing) S facade, relief.  &amp;#8211; 6 Radn\u00f3ti Mikl\u00f3s utca, [[:en:Szigetszentmikl\u00f3s|Szigetszentmikl\u00f3s]], [[:en:Pest County|Pest County]], [[:en:Hungary|Hungary]].}}{{hu|1=: [[:hu:Szigetszentmikl\u00f3si J\u00f3zsef Attila \u00c1ltal\u00e1nos Iskola \u00e9s Alapfok\u00fa M\u0171v\u00e9szeti Iskola|Szigetszentmikl\u00f3si J\u00f3zsef Attila \u00c1ltal\u00e1nos Iskola \u00e9s Alapfok\u00fa M\u0171v\u00e9szeti Iskola]] Radn\u00f3ti Mikl\u00f3s utcai telephelye. F\u0151\u00e9p\u00fclet d\u00e9li homlokzat. J\u00f3zsef Attila domborm\u0171 (ismeretlen alkot\u00fc, kb 2010-es) a bej\u00e1rat felett. Van egy m\u00e1sik is az \u00e9p\u00fcletben!!! &amp;#8211; [[:hu:Pest megye|Pest megye]], [[:hu:Szigetszentmikl\u00f3s|Szigetszentmikl\u00f3s]], J\u00f3zsef Attila lak\u00f3telep, Radn\u00f3ti Mikl\u00f3s utca 6. {{Object location|47.34112|19.038535}}{{Location|47|20|26.52|N|19|2|18.87|E}}&lt;\/p&gt;\n\" data-medium-file=\"https:\/\/i0.wp.com\/szigja.hu\/2021\/wp-content\/uploads\/2023\/10\/Jozsef_Attila_dombormu_az_iskola_homlokzatan_2019_Szigetszentmiklos.jpg?fit=278%2C300&amp;ssl=1\" data-large-file=\"https:\/\/i0.wp.com\/szigja.hu\/2021\/wp-content\/uploads\/2023\/10\/Jozsef_Attila_dombormu_az_iskola_homlokzatan_2019_Szigetszentmiklos.jpg?fit=556%2C600&amp;ssl=1\" class=\"wp-image-24890 size-medium alignright\" src=\"https:\/\/i0.wp.com\/szigja.hu\/2021\/wp-content\/uploads\/2023\/10\/Jozsef_Attila_dombormu_az_iskola_homlokzatan_2019_Szigetszentmiklos.jpg?resize=278%2C300&#038;ssl=1\" alt=\"\" width=\"278\" height=\"300\" data-recalc-dims=\"1\" \/>\u00a0J\u00f3zsef Attila \u00c1ltal\u00e1nos Iskola.<\/p>\n<\/div>\n<\/div>\n<\/section>\n<p>&nbsp;<\/p>\n<p><span style=\"font-size: 18pt;\"><strong>Az iskola vezet\u0151i<\/strong><\/span><\/p>\n<ul>\n<li style=\"text-align: left;\">R\u00e9ti B\u00e9la (1955-1956, 1957-1970) <em>\u2013 int\u00e9zm\u00e9nyt a megye els\u0151 iskol\u00e1inak sor\u00e1ba emelte<\/em><\/li>\n<li>Juh\u00e1sz Antal (1956 \u0151sz\u00e9t\u0151l 1957 tavasz\u00e1ig) <em>\u2013 megb\u00edzott igazgat\u00f3<\/em><\/li>\n<li>Mih\u00e1ly Szilvesztern\u00e9 (1970-1977) <em>\u2013 bevezette a kabinet rendszer\u0171 oktat\u00e1st, b\u00e1zisiskola l\u00e9trehoz\u00e1sa<\/em><\/li>\n<li>S\u00e1gi Mih\u00e1lyn\u00e9 (1977-1993) <em>\u2013 nyelvi \u00e9s \u00e9nek-zenei tagozatok ind\u00edt\u00e1sa<\/em><\/li>\n<li>Farkas Lajosn\u00e9 (1993-1998) <em>\u2013 sz\u00e9les\u00edtette a manu\u00e1lis tev\u00e9kenys\u00e9geket fejleszt\u0151 szakk\u00f6r\u00f6ket<\/em><\/li>\n<li>Eszterh\u00e1s S\u00e1ndorn\u00e9 (1998-2008) <em>\u2013\u00a0finn \u00e9s n\u00e9met iskol\u00e1kkal testv\u00e9rkapcsolatokat alak\u00edtott ki<\/em><\/li>\n<li>Zilling Ibolya (2008-2017) <em>\u2013 m\u0171v\u00e9szeti iskola \u00e1tv\u00e9tele, katolikus oszt\u00e1ly elind\u00edt\u00e1sa<\/em><\/li>\n<li>Szab\u00f3 L\u00eddia (2017-jelenleg) <em>\u2013 tagint\u00e9zm\u00e9ny k\u00fcl\u00f6nv\u00e1l\u00e1sa, a r\u00e9gi-\u00faj \u00e1ltal\u00e1nos iskola elind\u00edt\u00e1sa<\/em><\/li>\n<\/ul>\n<p>[\/et_pb_text][\/et_pb_column][\/et_pb_row][\/et_pb_section]<\/p>\n","protected":false},"excerpt":{"rendered":"<p>A J\u00f3zsef Attila \u00c1ltal\u00e1nos Iskola 1955-ben \u00e1tadott 12 tantermes \u00e9p\u00fcletben kezdte meg a m\u0171k\u00f6d\u00e9s\u00e9t a J\u00f3zsef Attila lak\u00f3telepen R\u00e9ti B\u00e9la igazgat\u00f3 vezet\u00e9s\u00e9vel. Helyzet\u00e9b\u0151l ad\u00f3d\u00f3an a lak\u00f3telep fejl\u0151d\u00e9s\u00e9vel p\u00e1rhuzamosan v\u00e1lt egyre [&hellip;]<\/p>\n","protected":false},"author":4,"featured_media":0,"parent":0,"menu_order":0,"comment_status":"closed","ping_status":"closed","template":"","meta":{"_et_pb_use_builder":"on","_et_pb_old_content":"<section id=\"cd-timeline\" class=\"cd-container timeline-express\"><div class=\"cd-timeline-block okt\u00f3ber 04 2017 announcement-no-image announcement-4463\"><div class=\"cd-timeline-content\"><div class=\"the-excerpt\"><p>2017. szeptember 1-j\u00e9n \u00faj fejezet ny\u00edlt az iskola \u00e9let\u00e9ben. Az \u00faj sz\u00e9khely\u00e9p\u00fclet k\u00fcl\u00f6nv\u00e1lt \u00e9s Szigetszentmikl\u00f3si \u00c1d\u00e1m Jen\u0151 \u00c1ltal\u00e1nos Iskola \u00e9s Alapfok\u00fa M\u0171v\u00e9szeti Iskola n\u00e9ven folytatja tov\u00e1bb m\u0171k\u00f6d\u00e9s\u00e9t, a Radn\u00f3ti \u00e9s a Csokonai utc\u00e1ban tal\u00e1lhat\u00f3 tagint\u00e9zm\u00e9ny pedig visszanyerve \u00f6n\u00e1ll\u00f3s\u00e1g\u00e1t, maradt a Szigetszentmikl\u00f3si J\u00f3zsef Attila \u00c1ltal\u00e1nos Iskola.<\/p><\/div><\/div><\/div><\/section><p><span style=\"font-size: 18pt;\"><strong>Az iskola vezet\u0151i<\/strong><\/span><\/p><ul><li style=\"text-align: left;\">R\u00e9ti B\u00e9la (1955-1956, 1957-1970) <em>\u2013 int\u00e9zm\u00e9nyt a megye els\u0151 iskol\u00e1inak sor\u00e1ba emelte<\/em><\/li><li>Juh\u00e1sz Antal (1956 \u0151sz\u00e9t\u0151l 1957 tavasz\u00e1ig) <em>\u2013 megb\u00edzott igazgat\u00f3<\/em><\/li><li>Mih\u00e1ly Szilvesztern\u00e9 (1970-1977) <em>\u2013 bevezette a kabinet rendszer\u0171 oktat\u00e1st, b\u00e1zisiskola l\u00e9trehoz\u00e1sa<\/em><\/li><li>S\u00e1gi Mih\u00e1lyn\u00e9 (1977-1993) <em>\u2013 nyelvi \u00e9s \u00e9nek-zenei tagozatok ind\u00edt\u00e1sa<\/em><\/li><li>Farkas Lajosn\u00e9 (1993-1998) <em>\u2013 sz\u00e9les\u00edtette a manu\u00e1lis tev\u00e9kenys\u00e9geket fejleszt\u0151 szakk\u00f6r\u00f6ket<\/em><\/li><li>Eszterh\u00e1s S\u00e1ndorn\u00e9 (1998-2008) <em>\u2013\u00a0finn \u00e9s n\u00e9met iskol\u00e1kkal testv\u00e9rkapcsolatokat alak\u00edtott ki<\/em><\/li><li>Zilling Ibolya (2008-2017) <em>\u2013 m\u0171v\u00e9szeti iskola \u00e1tv\u00e9tele, katolikus oszt\u00e1ly elind\u00edt\u00e1sa<\/em><\/li><li>Szab\u00f3 L\u00eddia (2017-jelenleg) <em>\u2013 tagint\u00e9zm\u00e9ny k\u00fcl\u00f6nv\u00e1l\u00e1sa, a r\u00e9gi-\u00faj \u00e1ltal\u00e1nos iskola elind\u00edt\u00e1sa<\/em><\/li><\/ul>","_et_gb_content_width":"","cybocfi_hide_featured_image":"","footnotes":""},"class_list":["post-24818","page","type-page","status-publish","hentry"],"_links":{"self":[{"href":"https:\/\/szigja.hu\/2021\/wp-json\/wp\/v2\/pages\/24818","targetHints":{"allow":["GET"]}}],"collection":[{"href":"https:\/\/szigja.hu\/2021\/wp-json\/wp\/v2\/pages"}],"about":[{"href":"https:\/\/szigja.hu\/2021\/wp-json\/wp\/v2\/types\/page"}],"author":[{"embeddable":true,"href":"https:\/\/szigja.hu\/2021\/wp-json\/wp\/v2\/users\/4"}],"replies":[{"embeddable":true,"href":"https:\/\/szigja.hu\/2021\/wp-json\/wp\/v2\/comments?post=24818"}],"version-history":[{"count":13,"href":"https:\/\/szigja.hu\/2021\/wp-json\/wp\/v2\/pages\/24818\/revisions"}],"predecessor-version":[{"id":24897,"href":"https:\/\/szigja.hu\/2021\/wp-json\/wp\/v2\/pages\/24818\/revisions\/24897"}],"wp:attachment":[{"href":"https:\/\/szigja.hu\/2021\/wp-json\/wp\/v2\/media?parent=24818"}],"curies":[{"name":"wp","href":"https:\/\/api.w.org\/{rel}","templated":true}]}}