{"id":26881,"date":"2024-10-21T13:03:14","date_gmt":"2024-10-21T13:03:14","guid":{"rendered":"https:\/\/szigja.hu\/2021\/?page_id=26881"},"modified":"2025-11-18T08:15:16","modified_gmt":"2025-11-18T08:15:16","slug":"tovabbtanulas-2","status":"publish","type":"page","link":"https:\/\/szigja.hu\/2021\/tovabbtanulas-2\/","title":{"rendered":"Tov\u00e1bbtanul\u00e1s"},"content":{"rendered":"<p>[et_pb_section fb_built=&#8221;1&#8243; _builder_version=&#8221;4.13.0&#8243; _module_preset=&#8221;default&#8221; global_colors_info=&#8221;{}&#8221;][et_pb_row _builder_version=&#8221;4.13.0&#8243; _module_preset=&#8221;default&#8221; global_colors_info=&#8221;{}&#8221;][et_pb_column type=&#8221;4_4&#8243; _builder_version=&#8221;4.13.0&#8243; _module_preset=&#8221;default&#8221; global_colors_info=&#8221;{}&#8221;][et_pb_text _builder_version=&#8221;4.13.1&#8243; _module_preset=&#8221;default&#8221; global_colors_info=&#8221;{}&#8221;]<\/p>\n<p><strong>T\u00e1j\u00e9koztat\u00e1s a tov\u00e1bbtanul\u00e1sr\u00f3l<br \/><\/strong><\/p>\n<p><a href=\"https:\/\/www.oktatas.hu\/kozneveles\/kozepfoku_felveteli_eljaras\/tajekoztato_felvetelizoknek\/kozepfoku_felveteli_eljaras_informacioi\">Oktat\u00e1si Hivatal linkje<\/a><\/p>\n<hr \/>\n<p>A Budapesti G\u00e9p\u00e9szeti Szakk\u00e9pz\u00e9si Centrum ingyenes felv\u00e9teli el\u0151k\u00e9sz\u00edt\u0151t \u00e9s p\u00e1lyaorient\u00e1ci\u00f3s ny\u00edlt napokat szervez.<\/p>\n<p>Okt\u00f3beri kezd\u00e9ssel ind\u00edtjuk az<strong>\u00a0ingyenes felv\u00e9teli el\u0151k\u00e9sz\u00edt\u0151<\/strong>t a M\u00f3ricz Zsigmond k\u00f6rt\u00e9ren.<\/p>\n<p>Okt\u00f3berben \u00e9s novemberben tartjuk az <strong>interakt\u00edv p\u00e1lyaorient\u00e1ci\u00f3s ny\u00edlt napok<\/strong>at.<\/p>\n<p>Lehet\u0151s\u00e9g van hetedikes \u00e9s nyolcadikos oszt\u00e1lyszint\u0171 csoportos r\u00e9szv\u00e9telre is!<\/p>\n<p>Link:<\/p>\n<p><u><a href=\"https:\/\/gszc.hu\/p\/lol-alkotomuhely\" data-auth=\"NotApplicable\">https:\/\/gszc.hu\/p\/lol-alkotomuhely<\/a><\/u><\/p>\n<hr \/>\n<p>&nbsp;<\/p>\n<p>[\/et_pb_text][et_pb_image src=&#8221;https:\/\/szigja.hu\/2021\/wp-content\/uploads\/2025\/10\/banki.png&#8221; title_text=&#8221;banki&#8221; _builder_version=&#8221;4.13.1&#8243; _module_preset=&#8221;default&#8221; global_colors_info=&#8221;{}&#8221;][\/et_pb_image][et_pb_image src=&#8221;https:\/\/szigja.hu\/2021\/wp-content\/uploads\/2025\/10\/1000073453-1.png&#8221; title_text=&#8221;1000073453 (1)&#8221; _builder_version=&#8221;4.13.1&#8243; _module_preset=&#8221;default&#8221; global_colors_info=&#8221;{}&#8221;][\/et_pb_image][et_pb_image src=&#8221;https:\/\/szigja.hu\/2021\/wp-content\/uploads\/2025\/10\/1000073454-1-1.png&#8221; title_text=&#8221;1000073454 (1) (1)&#8221; _builder_version=&#8221;4.13.1&#8243; _module_preset=&#8221;default&#8221; global_colors_info=&#8221;{}&#8221;][\/et_pb_image][et_pb_image src=&#8221;https:\/\/szigja.hu\/2021\/wp-content\/uploads\/2025\/10\/PO_Tajekoztato-Nap_Meghivo_Roth_-0001.jpg&#8221; title_text=&#8221;PO_T\u00e1j\u00e9koztat\u00f3 Nap_Megh\u00edv\u00f3_Roth_-0001&#8243; _builder_version=&#8221;4.13.1&#8243; _module_preset=&#8221;default&#8221; global_colors_info=&#8221;{}&#8221;][\/et_pb_image][et_pb_image src=&#8221;https:\/\/szigja.hu\/2021\/wp-content\/uploads\/2025\/10\/Kepernyokep-2025-10-09-144049.jpg&#8221; title_text=&#8221;K\u00e9perny\u0151k\u00e9p 2025-10-09 144049&#8243; _builder_version=&#8221;4.13.1&#8243; _module_preset=&#8221;default&#8221; global_colors_info=&#8221;{}&#8221;][\/et_pb_image][et_pb_text _builder_version=&#8221;4.13.1&#8243; _module_preset=&#8221;default&#8221; global_colors_info=&#8221;{}&#8221;]<\/p>\n<div dir=\"auto\">Kedves Sz\u00fcl\u0151k \u00e9s Nyolcadikos di\u00e1kok!<\/div>\n<div dir=\"auto\">Gimn\u00e1ziumunk 2025. november 13-\u00e1n ny\u00edlt napot szervez. Reggel 9 \u00f3r\u00e1t\u00f3l t\u00e1j\u00e9koztat\u00f3t tartunk a felv\u00e9telivel kapcsolatban (\u00e9rkez\u00e9s 08.45), m\u00edg 10 \u00f3r\u00e1t\u00f3l k\u00e9t tan\u00edt\u00e1si \u00f3ra l\u00e1togathat\u00f3.<\/div>\n<div dir=\"auto\">A tan\u00edt\u00e1si \u00f3r\u00e1kra az al\u00e1bbi linken, k\u00e9rj\u00fck regisztr\u00e1ljanak!<\/div>\n<div dir=\"auto\"><a href=\"https:\/\/l.facebook.com\/l.php?u=https%3A%2F%2Fdocs.google.com%2Fforms%2Fd%2Fe%2F1FAIpQLSex1hJ18_ys70LRURTjqgId24sV6F9RYZ3-QB2vgVGX1FdvOQ%2Fviewform%3Ffbclid%3DIwZXh0bgNhZW0CMTAAYnJpZBEwVEVYbnhMZnJkbWlIRVJQeAEeBSr0wSh4GZKIWF6VlGZtDWYrarbu6-UybAV42cmRKZQ03I4XAzQJfY44G24_aem_Q0d33cLAo7KJIivfgcreFg&amp;h=AT1FPl2EHddajSB5r1k6hzgNZ457qfwuMDV2ObCZNi5C_fcSy-s0WMowcqr4UcpRW3ugscukbzxuxKPj8l0ppnXx5fUEYpkzqg1EcmIitEnzRdrtZIgv9RWJ43pLFl2RlWqbQWBE7ntp1G1Nng&amp;__tn__=-UK-R&amp;c[0]=AT1tDDr1WWWNvixaq9YkjaF42OMufSaDAcaYP-HfqqIOzH_w6W9rm60MngUf3JGEIQNbUdE2yIw5aAhgWGb7GFUK6Gl1LsXL9u4XQU9qIpm5PGFweFlaxQe3zSM-kxnaUrVU2XoeKIkb3mVy74NYlL7Tv1pB6KNprM8SSdbRVHcQjZnD5WtJ1jNP4vtt4qSmiY4\">Regisztr\u00e1ci\u00f3<\/a><\/div>\n<div dir=\"auto\">K\u00f6sz\u00f6nettel: a Kardos csapata.<\/div>\n<p>[\/et_pb_text][et_pb_image src=&#8221;https:\/\/szigja.hu\/2021\/wp-content\/uploads\/2025\/10\/565132785_122109113445020453_3200301746232333855_n.jpg&#8221; title_text=&#8221;565132785_122109113445020453_3200301746232333855_n&#8221; _builder_version=&#8221;4.13.1&#8243; _module_preset=&#8221;default&#8221; global_colors_info=&#8221;{}&#8221;][\/et_pb_image][et_pb_image _builder_version=&#8221;4.13.1&#8243; _module_preset=&#8221;default&#8221; title_text=&#8221;K\u00e9perny\u0151k\u00e9p 2025-11-18 085515&#8243; src=&#8221;https:\/\/szigja.hu\/2021\/wp-content\/uploads\/2025\/11\/Kepernyokep-2025-11-18-085515.jpg&#8221; hover_enabled=&#8221;0&#8243; sticky_enabled=&#8221;0&#8243;][\/et_pb_image][\/et_pb_column][\/et_pb_row][\/et_pb_section]<\/p>\n","protected":false},"excerpt":{"rendered":"<p>T\u00e1j\u00e9koztat\u00e1s a tov\u00e1bbtanul\u00e1sr\u00f3l Oktat\u00e1si Hivatal linkje A Budapesti G\u00e9p\u00e9szeti Szakk\u00e9pz\u00e9si Centrum ingyenes felv\u00e9teli el\u0151k\u00e9sz\u00edt\u0151t \u00e9s p\u00e1lyaorient\u00e1ci\u00f3s ny\u00edlt napokat szervez. Okt\u00f3beri kezd\u00e9ssel ind\u00edtjuk az\u00a0ingyenes felv\u00e9teli el\u0151k\u00e9sz\u00edt\u0151t a M\u00f3ricz Zsigmond k\u00f6rt\u00e9ren. Okt\u00f3berben [&hellip;]<\/p>\n","protected":false},"author":4,"featured_media":0,"parent":0,"menu_order":0,"comment_status":"closed","ping_status":"closed","template":"","meta":{"_et_pb_use_builder":"on","_et_pb_old_content":"","_et_gb_content_width":"","cybocfi_hide_featured_image":"","footnotes":""},"class_list":["post-26881","page","type-page","status-publish","hentry"],"_links":{"self":[{"href":"https:\/\/szigja.hu\/2021\/wp-json\/wp\/v2\/pages\/26881","targetHints":{"allow":["GET"]}}],"collection":[{"href":"https:\/\/szigja.hu\/2021\/wp-json\/wp\/v2\/pages"}],"about":[{"href":"https:\/\/szigja.hu\/2021\/wp-json\/wp\/v2\/types\/page"}],"author":[{"embeddable":true,"href":"https:\/\/szigja.hu\/2021\/wp-json\/wp\/v2\/users\/4"}],"replies":[{"embeddable":true,"href":"https:\/\/szigja.hu\/2021\/wp-json\/wp\/v2\/comments?post=26881"}],"version-history":[{"count":12,"href":"https:\/\/szigja.hu\/2021\/wp-json\/wp\/v2\/pages\/26881\/revisions"}],"predecessor-version":[{"id":29201,"href":"https:\/\/szigja.hu\/2021\/wp-json\/wp\/v2\/pages\/26881\/revisions\/29201"}],"wp:attachment":[{"href":"https:\/\/szigja.hu\/2021\/wp-json\/wp\/v2\/media?parent=26881"}],"curies":[{"name":"wp","href":"https:\/\/api.w.org\/{rel}","templated":true}]}}