{"id":26944,"date":"2024-11-04T12:23:00","date_gmt":"2024-11-04T12:23:00","guid":{"rendered":"https:\/\/szigja.hu\/2021\/?page_id=26944"},"modified":"2024-11-04T12:23:05","modified_gmt":"2024-11-04T12:23:05","slug":"adomanyok","status":"publish","type":"page","link":"https:\/\/szigja.hu\/2021\/adomanyok\/","title":{"rendered":"adomanyok"},"content":{"rendered":"<p>[et_pb_section fb_built=&#8221;1&#8243; _builder_version=&#8221;4.13.0&#8243; _module_preset=&#8221;default&#8221; global_colors_info=&#8221;{}&#8221; theme_builder_area=&#8221;post_content&#8221;][et_pb_row _builder_version=&#8221;4.13.0&#8243; _module_preset=&#8221;default&#8221; global_colors_info=&#8221;{}&#8221; theme_builder_area=&#8221;post_content&#8221;][et_pb_column type=&#8221;4_4&#8243; _builder_version=&#8221;4.13.0&#8243; _module_preset=&#8221;default&#8221; global_colors_info=&#8221;{}&#8221; theme_builder_area=&#8221;post_content&#8221;][et_pb_text _builder_version=&#8221;4.13.1&#8243; _module_preset=&#8221;default&#8221; hover_enabled=&#8221;0&#8243; global_colors_info=&#8221;{}&#8221; theme_builder_area=&#8221;post_content&#8221; sticky_enabled=&#8221;0&#8243;]<\/p>\n<table style=\"width: 95.5872%;\" border=\"1\" width=\"95.5872%\">\n<tbody>\n<tr>\n<td style=\"width: 52.3179%; text-align: center;\" width=\"321\"><strong>Adom\u00e1ny<\/strong><\/td>\n<td style=\"width: 98.6923%; text-align: center;\" width=\"283\"><strong>Adom\u00e1nyoz\u00f3<\/strong><\/td>\n<\/tr>\n<tr>\n<td style=\"width: 52.3179%;\" width=\"321\">Lajh\u00e1rm\u00e1sz\u00f3s \u00f3ri\u00e1si m\u00e1sz\u00f3ka a Csokonai utcai \u00e9p\u00fclet udvar\u00e1n<\/td>\n<td style=\"width: 98.6923%;\" width=\"283\">Mi Iskol\u00e1nk Alap\u00edtv\u00e1ny fizette a sz\u00fcl\u0151 \u00e1ltal felaj\u00e1nlott ad\u00f3juk 1 %-b\u00f3l<\/td>\n<\/tr>\n<tr>\n<td style=\"width: 52.3179%;\" width=\"321\">M\u0171f\u00fcves focip\u00e1lya \u00e9s a m\u00e1sz\u00f3ka alatti gumip\u00e1lya<\/td>\n<td style=\"width: 98.6923%;\" width=\"283\">Gtsport \u2013 sz\u00fcl\u0151i felaj\u00e1nl\u00e1s<\/td>\n<\/tr>\n<tr>\n<td style=\"width: 52.3179%;\" width=\"321\">L\u00e9gkond\u00edci\u00f3n\u00e1l\u00f3 berendez\u00e9s<\/td>\n<td style=\"width: 98.6923%;\" width=\"283\">\u00a0sz\u00fcl\u0151k felaj\u00e1nl\u00e1sa<\/td>\n<\/tr>\n<\/tbody>\n<\/table>\n<p>[\/et_pb_text][et_pb_gallery gallery_ids=&#8221;26936&#8243; posts_number=&#8221;10&#8243; show_title_and_caption=&#8221;off&#8221; _builder_version=&#8221;4.13.1&#8243; _module_preset=&#8221;default&#8221; hover_enabled=&#8221;0&#8243; global_colors_info=&#8221;{}&#8221; theme_builder_area=&#8221;post_content&#8221; sticky_enabled=&#8221;0&#8243;][\/et_pb_gallery][\/et_pb_column][\/et_pb_row][\/et_pb_section]<\/p>\n","protected":false},"excerpt":{"rendered":"<p>Adom\u00e1ny Adom\u00e1nyoz\u00f3 Lajh\u00e1rm\u00e1sz\u00f3s \u00f3ri\u00e1si m\u00e1sz\u00f3ka a Csokonai utcai \u00e9p\u00fclet udvar\u00e1n Mi Iskol\u00e1nk Alap\u00edtv\u00e1ny fizette a sz\u00fcl\u0151 \u00e1ltal felaj\u00e1nlott ad\u00f3juk 1 %-b\u00f3l M\u0171f\u00fcves focip\u00e1lya \u00e9s a m\u00e1sz\u00f3ka alatti gumip\u00e1lya Gtsport \u2013 [&hellip;]<\/p>\n","protected":false},"author":4,"featured_media":0,"parent":0,"menu_order":0,"comment_status":"closed","ping_status":"closed","template":"","meta":{"_et_pb_use_builder":"on","_et_pb_old_content":"","_et_gb_content_width":"","cybocfi_hide_featured_image":"","footnotes":""},"class_list":["post-26944","page","type-page","status-publish","hentry"],"_links":{"self":[{"href":"https:\/\/szigja.hu\/2021\/wp-json\/wp\/v2\/pages\/26944","targetHints":{"allow":["GET"]}}],"collection":[{"href":"https:\/\/szigja.hu\/2021\/wp-json\/wp\/v2\/pages"}],"about":[{"href":"https:\/\/szigja.hu\/2021\/wp-json\/wp\/v2\/types\/page"}],"author":[{"embeddable":true,"href":"https:\/\/szigja.hu\/2021\/wp-json\/wp\/v2\/users\/4"}],"replies":[{"embeddable":true,"href":"https:\/\/szigja.hu\/2021\/wp-json\/wp\/v2\/comments?post=26944"}],"version-history":[{"count":4,"href":"https:\/\/szigja.hu\/2021\/wp-json\/wp\/v2\/pages\/26944\/revisions"}],"predecessor-version":[{"id":26949,"href":"https:\/\/szigja.hu\/2021\/wp-json\/wp\/v2\/pages\/26944\/revisions\/26949"}],"wp:attachment":[{"href":"https:\/\/szigja.hu\/2021\/wp-json\/wp\/v2\/media?parent=26944"}],"curies":[{"name":"wp","href":"https:\/\/api.w.org\/{rel}","templated":true}]}}