{"id":80,"date":"2021-06-23T06:59:00","date_gmt":"2021-06-23T06:59:00","guid":{"rendered":"https:\/\/2310.hu\/?page_id=80"},"modified":"2026-03-17T09:48:44","modified_gmt":"2026-03-17T09:48:44","slug":"hivatalos-dokumentumok","status":"publish","type":"page","link":"https:\/\/szigja.hu\/2021\/hivatalos-dokumentumok\/","title":{"rendered":"Hivatalos dokumentumok"},"content":{"rendered":"<p>[et_pb_section fb_built=&#8221;1&#8243; _builder_version=&#8221;4.9.7&#8243; _module_preset=&#8221;default&#8221; global_colors_info=&#8221;{}&#8221;][et_pb_row _builder_version=&#8221;4.9.7&#8243; _module_preset=&#8221;default&#8221; global_colors_info=&#8221;{}&#8221;][et_pb_column type=&#8221;4_4&#8243; _builder_version=&#8221;4.9.7&#8243; _module_preset=&#8221;default&#8221; global_colors_info=&#8221;{}&#8221;][et_pb_text admin_label=&#8221;Sz\u00f6veg&#8221; _builder_version=&#8221;4.13.1&#8243; _module_preset=&#8221;default&#8221; hover_enabled=&#8221;0&#8243; global_colors_info=&#8221;{}&#8221; sticky_enabled=&#8221;0&#8243;]<\/p>\n<div class=\"x_elementToProof\"><strong>HIVATALOS DOKUMENTUMOK<\/strong><\/div>\n<div class=\"x_elementToProof\">\n<ul>\n<li><a href=\"https:\/\/szigja.hu\/2021\/wp-content\/uploads\/2025\/10\/Szervezeti-es-mukodesi-szabalyzat_2025_alairt.pdf\" target=\"_blank\" rel=\"noopener noreferrer\" data-auth=\"NotApplicable\" data-linkindex=\"0\">Szervezeti \u00e9s m\u0171k\u00f6d\u00e9si szab\u00e1lyzat (friss\u00edtve: <\/a><a href=\"https:\/\/szigja.hu\/2021\/wp-content\/uploads\/2024\/10\/SzMSz-24_25_1020.pdf\" target=\"_blank\" rel=\"noopener noreferrer\" data-auth=\"NotApplicable\" data-linkindex=\"2\">2024. okt\u00f3ber 20.<\/a><a href=\"https:\/\/szigja.hu\/2021\/wp-content\/uploads\/2022\/09\/Szigja-szmsz_2022.pdf\" target=\"_blank\" rel=\"noopener noreferrer\" data-auth=\"NotApplicable\" data-linkindex=\"0\">)<\/a><\/li>\n<li><a href=\"https:\/\/szigja.hu\/2021\/wp-content\/uploads\/2025\/10\/Hazirend_2025-2026_alairt.pdf\">H\u00e1zirend (friss\u00edtve: 2025. okt\u00f3ber 09<\/a><a href=\"https:\/\/szigja.hu\/2021\/wp-content\/uploads\/2025\/10\/Hazirend_2025-2026_alairt.pdf\">.)<\/a><\/li>\n<li><a href=\"https:\/\/szigja.hu\/2021\/wp-content\/uploads\/2024\/10\/Pedprogram-24_25_1020.pdf\" target=\"_blank\" rel=\"noopener noreferrer\" data-auth=\"NotApplicable\" data-linkindex=\"2\">Pedag\u00f3giai program (friss\u00edtve: 2024. okt\u00f3ber 20.)<\/a><\/li>\n<li><a href=\"http:\/\/szigja.hu\/wp-content\/uploads\/2020\/10\/Szigja_helyi_tanterv_als%C3%B3_2020.pdf\" target=\"_blank\" rel=\"noopener noreferrer\" data-auth=\"NotApplicable\" data-linkindex=\"3\">Helyi tanterv \u2013 als\u00f3 tagozat<\/a><\/li>\n<li><a href=\"http:\/\/szigja.hu\/wp-content\/uploads\/2020\/10\/Szigja_helyi_tanterv_fels%C5%91_2020.pdf\" target=\"_blank\" rel=\"noopener noreferrer\" data-auth=\"NotApplicable\" data-linkindex=\"4\">Helyi tanterv \u2013 fels\u0151 tagozat<\/a><\/li>\n<li><a href=\"https:\/\/szigja.hu\/2021\/wp-content\/uploads\/2026\/03\/Munkaterv-2025.pdf\">Munkaterv (friss\u00edtve: 2026. m\u00e1rcius 16.)<\/a><\/li>\n<li><a href=\"https:\/\/szigja.hu\/2021\/wp-content\/uploads\/2022\/10\/203277_SZSZMJozsefAttilaalapdokumentum2022.pdf\" target=\"_blank\" rel=\"noopener noreferrer\" data-auth=\"NotApplicable\" data-linkindex=\"6\">Szakmai alapdokumentum<\/a><\/li>\n<li><a href=\"https:\/\/kir.oktatas.hu\/kirint.show\/2001224\" target=\"_blank\" rel=\"noopener noreferrer\" data-auth=\"NotApplicable\" data-linkindex=\"7\">K\u00f6zz\u00e9t\u00e9teli lista\u00a0 (friss\u00edtve: 2026. febru\u00e1r 19.)<\/a><\/li>\n<li><a href=\"https:\/\/szigja.hu\/2021\/wp-content\/uploads\/2025\/10\/Panaszkezelesi-Szabalyzat.pdf\" target=\"_blank\" rel=\"noopener noreferrer\" data-auth=\"NotApplicable\" data-linkindex=\"7\">Panaszkezel\u00e9si szab\u00e1lyzat\u00a0 (friss\u00edtve: 2025. okt\u00f3ber 09.)<\/a><\/li>\n<\/ul>\n<\/div>\n<div class=\"x_elementToProof\"><strong>SZ\u00dcL\u0150K \u00c1LTAL LET\u00d6LTHET\u0150 DOKUMENTUMOK, K\u00c9RV\u00c9NYEK<\/strong><\/div>\n<div class=\"x_elementToProof\">\n<ul>\n<li><a href=\"http:\/\/szigja.hu\/wp-content\/uploads\/2017\/10\/Nyilatkozat_kedvezmenyes_etkezeshez.pdf\" target=\"_blank\" rel=\"noopener noreferrer\" data-auth=\"NotApplicable\" data-linkindex=\"9\">Nyilatkozat kedvezm\u00e9nyes \u00e9tkez\u00e9shez<\/a><\/li>\n<li><a href=\"https:\/\/szigja.hu\/2021\/wp-content\/uploads\/2022\/09\/ISKOLAI_KIK\u00c9R\u0150.docx\">Iskolai kik\u00e9r\u0151<\/a><\/li>\n<li><a href=\"https:\/\/szigja.hu\/2021\/wp-content\/uploads\/2023\/11\/szuloi-beleegyezo-nyilakozat-szallitashoz-pdf.pdf\" target=\"_blank\" rel=\"noopener\">Sz\u00fcl\u0151i beleegyez\u0151 nyilatkozat utaztat\u00e1shoz<\/a><\/li>\n<li><a href=\"https:\/\/szigja.hu\/2021\/wp-content\/uploads\/2025\/03\/Hit-es-erkolcstan-oktatas-nyilatkozata_2025.pdf\" target=\"_blank\" rel=\"noopener\">Hit-\u00e9s-erk\u00f6lcstan nyilatkozat (friss\u00edtve: 2025.m\u00e1rcius.25)<\/a><\/li>\n<li><a href=\"https:\/\/szigja.hu\/2021\/wp-content\/uploads\/2024\/11\/Meghatalmazas-notebook.docx\" target=\"_blank\" rel=\"noopener\">Meghatalmaz\u00e1s Notebook<\/a><\/li>\n<\/ul>\n<\/div>\n<div class=\"x_elementToProof\"><strong>ADATKEZEL\u00c9SI T\u00c1J\u00c9KOZTAT\u00d3K<\/strong><\/div>\n<div class=\"x_elementToProof\">\n<ul>\n<li><a href=\"https:\/\/szigja.hu\/2021\/wp-content\/uploads\/2024\/03\/Adatkezelesi-tajekoztato_2024-2025.pdf\" target=\"_blank\" rel=\"noopener noreferrer\" data-auth=\"NotApplicable\" data-linkindex=\"11\">Adatkezel\u00e9si t\u00e1j\u00e9koztat\u00f3 (friss\u00edtve: 2024. m\u00e1rcius 25.)<\/a><\/li>\n<li><a href=\"https:\/\/szigja.hu\/wp-content\/uploads\/2021\/04\/Adatkezel%C3%A9si%20t%C3%A1j%C3%A9koztat%C3%B3%20Iskolai%20%C3%A9tkeztet%C3%A9s.pdf\" target=\"_blank\" rel=\"noopener noreferrer\" data-auth=\"NotApplicable\" data-linkindex=\"12\">Adatkezel\u00e9si t\u00e1j\u00e9koztat\u00f3 az \u00e9tkeztet\u00e9shez<\/a><\/li>\n<li><a href=\"https:\/\/szigja.hu\/2021\/wp-content\/uploads\/2024\/03\/Adatkezelesi-tajekoztato_Lazar-Ervin-Program.pdf\" rel=\"attachment wp-att-25987\">Adatkezel\u00e9si t\u00e1j\u00e9koztat\u00f3 a L\u00e1z\u00e1r Ervin Programhoz<\/a><\/li>\n<li><a href=\"https:\/\/szigja.hu\/2021\/wp-content\/uploads\/2024\/03\/Adatkezelesi-tajekoztato_Hit-es-erkolcstan-oktatassal-kapcsolatos-adatkezeles.pdf\" rel=\"attachment wp-att-25986\">Adatkezel\u00e9si t\u00e1j\u00e9koztat\u00f3 a Hit-\u00e9s erk\u00f6lcstan oktat\u00e1ssal kapcsolatos adatkezel\u00e9shez<\/a><\/li>\n<\/ul>\n<p><strong>TOV\u00c1BBTANUL\u00c1S<\/strong><\/p>\n<ul style=\"list-style-type: disc;\">\n<li><a href=\"https:\/\/szigja.hu\/2021\/wp-content\/uploads\/2024\/11\/KOZFELVIR_jelentkezesi_lap_2024.pdf\" rel=\"attachment wp-att-25986\">kozfelvir jelentkez\u00e9si lap<\/a><\/li>\n<\/ul>\n<\/div>\n<p>&nbsp;<\/p>\n<p>[\/et_pb_text][\/et_pb_column][\/et_pb_row][\/et_pb_section]<\/p>\n","protected":false},"excerpt":{"rendered":"<p>HIVATALOS DOKUMENTUMOK Szervezeti \u00e9s m\u0171k\u00f6d\u00e9si szab\u00e1lyzat (friss\u00edtve: 2024. okt\u00f3ber 20.) H\u00e1zirend (friss\u00edtve: 2025. okt\u00f3ber 09.) Pedag\u00f3giai program (friss\u00edtve: 2024. okt\u00f3ber 20.) Helyi tanterv \u2013 als\u00f3 tagozat Helyi tanterv \u2013 fels\u0151 [&hellip;]<\/p>\n","protected":false},"author":4,"featured_media":0,"parent":0,"menu_order":0,"comment_status":"closed","ping_status":"closed","template":"","meta":{"_et_pb_use_builder":"on","_et_pb_old_content":"","_et_gb_content_width":"","cybocfi_hide_featured_image":"","footnotes":""},"class_list":["post-80","page","type-page","status-publish","hentry"],"_links":{"self":[{"href":"https:\/\/szigja.hu\/2021\/wp-json\/wp\/v2\/pages\/80","targetHints":{"allow":["GET"]}}],"collection":[{"href":"https:\/\/szigja.hu\/2021\/wp-json\/wp\/v2\/pages"}],"about":[{"href":"https:\/\/szigja.hu\/2021\/wp-json\/wp\/v2\/types\/page"}],"author":[{"embeddable":true,"href":"https:\/\/szigja.hu\/2021\/wp-json\/wp\/v2\/users\/4"}],"replies":[{"embeddable":true,"href":"https:\/\/szigja.hu\/2021\/wp-json\/wp\/v2\/comments?post=80"}],"version-history":[{"count":53,"href":"https:\/\/szigja.hu\/2021\/wp-json\/wp\/v2\/pages\/80\/revisions"}],"predecessor-version":[{"id":29652,"href":"https:\/\/szigja.hu\/2021\/wp-json\/wp\/v2\/pages\/80\/revisions\/29652"}],"wp:attachment":[{"href":"https:\/\/szigja.hu\/2021\/wp-json\/wp\/v2\/media?parent=80"}],"curies":[{"name":"wp","href":"https:\/\/api.w.org\/{rel}","templated":true}]}}